{"id":316,"date":"2024-12-02T21:29:58","date_gmt":"2024-12-02T21:29:58","guid":{"rendered":"https:\/\/pawelopitek.com\/?page_id=316"},"modified":"2026-02-26T19:10:57","modified_gmt":"2026-02-26T19:10:57","slug":"home","status":"publish","type":"page","link":"https:\/\/pawelopitek.com\/en\/","title":{"rendered":"Home"},"content":{"rendered":"<p>[et_pb_section fb_built=&#8221;1&#8243; custom_padding_last_edited=&#8221;on|phone&#8221; _builder_version=&#8221;4.27.4&#8243; _module_preset=&#8221;default&#8221; use_background_color_gradient=&#8221;on&#8221; background_color_gradient_stops=&#8221;#f2f0ec 60%|rgba(242, 240, 236, 0.73) 86%|rgba(242,240,236,0) 100%&#8221; background_color_gradient_overlays_image=&#8221;on&#8221; background_image=&#8221;https:\/\/pawelopitek.com\/wp-content\/uploads\/droga-na-sky-peak-lake-district-2024-low.webp&#8221; parallax=&#8221;on&#8221; custom_padding=&#8221;100px||100px||true|false&#8221; custom_padding_tablet=&#8221;100px||100px||true|false&#8221; custom_padding_phone=&#8221;75px||75px||true|false&#8221; animation_style=&#8221;slide&#8221; animation_direction=&#8221;bottom&#8221; animation_intensity_slide=&#8221;1%&#8221; locked=&#8221;off&#8221; global_colors_info=&#8221;{}&#8221;][et_pb_row _builder_version=&#8221;4.27.4&#8243; _module_preset=&#8221;default&#8221; transform_scale_tablet=&#8221;&#8221; transform_scale_phone=&#8221;125%|125%&#8221; transform_scale_last_edited=&#8221;on|phone&#8221; transform_translate_tablet=&#8221;&#8221; transform_translate_phone=&#8221;&#8221; transform_translate_last_edited=&#8221;on|phone&#8221; transform_rotate_tablet=&#8221;&#8221; transform_rotate_phone=&#8221;&#8221; transform_rotate_last_edited=&#8221;on|phone&#8221; transform_skew_tablet=&#8221;&#8221; transform_skew_phone=&#8221;&#8221; transform_skew_last_edited=&#8221;on|phone&#8221; transform_origin_tablet=&#8221;&#8221; transform_origin_phone=&#8221;&#8221; transform_origin_last_edited=&#8221;on|phone&#8221; transform_styles_last_edited=&#8221;on|phone&#8221; width=&#8221;100%&#8221; max_width=&#8221;1500px&#8221; custom_padding=&#8221;0vh|0px|0vh|0px|true|true&#8221; transform_styles_tablet=&#8221;&#8221; transform_styles_phone=&#8221;&#8221; global_colors_info=&#8221;{}&#8221;][et_pb_column type=&#8221;4_4&#8243; _builder_version=&#8221;4.27.4&#8243; _module_preset=&#8221;default&#8221; global_colors_info=&#8221;{}&#8221;][dsm_mask_text mask_text=&#8221;HI, I&#8217;M PAWEL&#8221; image=&#8221;https:\/\/pawelopitek.com\/wp-content\/uploads\/droga-na-sky-peak-lake-district-2024-low.webp&#8221; image_background_position=&#8221;top&#8221; heading_html_tag=&#8221;h1&#8243; _builder_version=&#8221;4.27.4&#8243; _module_preset=&#8221;default&#8221; header_font=&#8221;Arial|700|||||||&#8221; header_text_align=&#8221;center&#8221; header_font_size=&#8221;22rem&#8221; header_letter_spacing=&#8221;-20px&#8221; header_line_height=&#8221;0.8em&#8221; width=&#8221;100vw&#8221; max_width=&#8221;1500px&#8221; module_alignment=&#8221;center&#8221; custom_margin=&#8221;0px||0px||true|false&#8221; custom_padding=&#8221;0px|0px|0px|0px|true|true&#8221; scroll_vertical_motion_enable=&#8221;on&#8221; scroll_vertical_motion=&#8221;0|75|75|100|0|0|-3&#8243; motion_trigger_start=&#8221;bottom&#8221; header_font_size_tablet=&#8221;12rem&#8221; header_font_size_phone=&#8221;5rem&#8221; header_font_size_last_edited=&#8221;on|phone&#8221; header_letter_spacing_tablet=&#8221;-20px&#8221; header_letter_spacing_phone=&#8221;-5px&#8221; header_letter_spacing_last_edited=&#8221;on|phone&#8221; scroll_vertical_motion_tablet=&#8221;0|50|50|100|0|0|-2&#8243; scroll_vertical_motion_phone=&#8221;0|75|75|100|0|0|-1&#8243; scroll_vertical_motion_last_edited=&#8221;on|desktop&#8221; global_colors_info=&#8221;{}&#8221; image__hover_enabled=&#8221;off|hover&#8221;][\/dsm_mask_text][et_pb_image src=&#8221;https:\/\/pawelopitek.com\/wp-content\/uploads\/po-in-a-circle-v1.webp&#8221; alt=&#8221;Pawel w kole&#8221; title_text=&#8221;po-in-a-circle-v1&#8243; align=&#8221;center&#8221; _builder_version=&#8221;4.27.5&#8243; _module_preset=&#8221;default&#8221; position_origin_a=&#8221;center_center&#8221; vertical_offset=&#8221;89px&#8221; max_width=&#8221;35vw&#8221; max_width_tablet=&#8221;50vw&#8221; max_width_phone=&#8221;60vw&#8221; max_width_last_edited=&#8221;on|phone&#8221; custom_margin=&#8221;-32rem||||false|false&#8221; custom_margin_tablet=&#8221;-21rem||||false|false&#8221; custom_margin_phone=&#8221;-8rem||||false|false&#8221; custom_margin_last_edited=&#8221;on|tablet&#8221; custom_padding=&#8221;||||false|false&#8221; filter_brightness=&#8221;105%&#8221; animation_direction=&#8221;bottom&#8221; scroll_vertical_motion_enable=&#8221;on&#8221; scroll_vertical_motion=&#8221;0|65|65|100|2|0|-4&#8243; hover_enabled=&#8221;0&#8243; scroll_vertical_motion_tablet=&#8221;0|50|50|100|2|0|-2&#8243; scroll_vertical_motion_phone=&#8221;0|75|75|100|5|0|-1&#8243; scroll_vertical_motion_last_edited=&#8221;on|phone&#8221; global_module=&#8221;1638&#8243; saved_tabs=&#8221;all&#8221; locked=&#8221;off&#8221; global_colors_info=&#8221;{}&#8221; width__hover_enabled=&#8221;off|desktop&#8221; sticky_enabled=&#8221;0&#8243;][\/et_pb_image][et_pb_text _builder_version=&#8221;4.27.4&#8243; _module_preset=&#8221;default&#8221; header_2_font=&#8221;||||||||&#8221; header_2_text_align=&#8221;center&#8221; header_2_text_color=&#8221;#5B665C&#8221; header_2_font_size=&#8221;3vw&#8221; width=&#8221;1500px&#8221; max_width=&#8221;75%&#8221; module_alignment=&#8221;center&#8221; scroll_vertical_motion=&#8221;0|50|50|100|0.23|0|-0.25&#8243; header_2_font_size_tablet=&#8221;5vw&#8221; header_2_font_size_phone=&#8221;5vw&#8221; global_colors_info=&#8221;{}&#8221;]<\/p>\n<h2>&#8220;I create, experiment, and share knowledge \u2013 media, technology, and DIY projects all in one place.&#8221;<\/h2>\n<p>[\/et_pb_text][\/et_pb_column][\/et_pb_row][\/et_pb_section][et_pb_section fb_built=&#8221;1&#8243; _builder_version=&#8221;4.27.4&#8243; _module_preset=&#8221;default&#8221; custom_padding=&#8221;10vh||10vh||true|false&#8221; locked=&#8221;off&#8221; global_colors_info=&#8221;{}&#8221;][et_pb_row _builder_version=&#8221;4.27.4&#8243; _module_preset=&#8221;default&#8221; global_colors_info=&#8221;{}&#8221;][et_pb_column type=&#8221;4_4&#8243; _builder_version=&#8221;4.27.4&#8243; _module_preset=&#8221;default&#8221; global_colors_info=&#8221;{}&#8221;][et_pb_text _builder_version=&#8221;4.27.4&#8243; _module_preset=&#8221;default&#8221; text_font_size=&#8221;26px&#8221; text_line_height=&#8221;1.5em&#8221; global_colors_info=&#8221;{}&#8221;]<\/p>\n<p data-start=\"81\" data-end=\"386\">Hi, I\u2019m Paul. I work with web design, digital media, and graphics, but I don\u2019t limit myself to just sitting in front of a computer. I enjoy sharing knowledge and helping others who want to create something of their own\u2014whether it\u2019s a website, a brand, or simply a personal project.<\/p>\n<p>[\/et_pb_text][\/et_pb_column][\/et_pb_row][et_pb_row use_custom_gutter=&#8221;on&#8221; gutter_width=&#8221;1&#8243; make_equal=&#8221;on&#8221; _builder_version=&#8221;4.27.4&#8243; _module_preset=&#8221;default&#8221; width=&#8221;96%&#8221; max_width=&#8221;100vw&#8221; custom_margin=&#8221;10vh|auto|10vh|auto|false|false&#8221; locked=&#8221;off&#8221; global_colors_info=&#8221;{}&#8221;][et_pb_column type=&#8221;4_4&#8243; _builder_version=&#8221;4.27.4&#8243; _module_preset=&#8221;default&#8221; global_colors_info=&#8221;{}&#8221;][et_pb_blog_extras posts_number=&#8221;8&#8243; blog_layout=&#8221;slider&#8221; slider_layout=&#8221;grid_extended&#8221; meta_date=&#8221;j F Y&#8221; featured_image_size=&#8221;medium&#8221; use_overlay=&#8221;on&#8221; overlay_icon_color=&#8221;#CBD4C3&#8243; hover_overlay_color=&#8221;rgba(91,102,92,0.75)&#8221; hover_icon=&#8221;&#x55;||divi||400&#8243; read_more_text=&#8221;Czytaj ca\u0142o\u015b\u0107&#8221; show_author=&#8221;off&#8221; category_color=&#8221;#F2F0EC&#8221; category_background_color=&#8221;#44403D&#8221; show_comments=&#8221;off&#8221; show_read_time=&#8221;on&#8221; read_time_text=&#8221;min czytania&#8221; no_results_text=&#8221;Przepraszam, ale nie mam tu nic dla Ciebie.&#8221; disabled_on=&#8221;off|off|off&#8221; slides_per_group=&#8221;2&#8243; space_between_slides=&#8221;0px&#8221; slider_loop=&#8221;on&#8221; autoplay_speed=&#8221;5000&#8243; masonry_columns_tablet=&#8221;2&#8243; masonry_columns_phone=&#8221;1&#8243; masonry_columns_last_edited=&#8221;off|desktop&#8221; slides_per_view_tablet=&#8221;1&#8243; slides_per_view_phone=&#8221;1&#8243; slides_per_view_last_edited=&#8221;on|tablet&#8221; slides_per_group_tablet=&#8221;1&#8243; slides_per_group_phone=&#8221;1&#8243; slides_per_group_last_edited=&#8221;on|phone&#8221; space_between_slides_tablet=&#8221;5px&#8221; space_between_slides_phone=&#8221;5px&#8221; space_between_slides_last_edited=&#8221;on|tablet&#8221; _builder_version=&#8221;4.27.4&#8243; _module_preset=&#8221;default&#8221; header_font_size=&#8221;1.3em&#8221; header_line_height=&#8221;1.1em&#8221; body_font=&#8221;|300|||||||&#8221; body_line_height=&#8221;1.4em&#8221; meta_font=&#8221;||||||||&#8221; meta_text_color=&#8221;#B1BA8B&#8221; meta_font_size=&#8221;13px&#8221; meta_line_height=&#8221;1.2em&#8221; background_color=&#8221;#FFFFFF&#8221; read_more_icon=&#8221;&#x24;||divi||400&#8243; read_more_alignment=&#8221;left&#8221; custom_margin=&#8221;0px|0px|0px|0px|false|true&#8221; custom_padding=&#8221;||||false|false&#8221; custom_padding_last_edited=&#8221;off|tablet&#8221; body_font_tablet=&#8221;|300|||||||&#8221; body_font_phone=&#8221;||||||||&#8221; body_font_last_edited=&#8221;on|desktop&#8221; border_radii=&#8221;on|1px|1px|1px|1px&#8221; locked=&#8221;off&#8221; global_colors_info=&#8221;{}&#8221;][\/et_pb_blog_extras][\/et_pb_column][\/et_pb_row][et_pb_row _builder_version=&#8221;4.27.4&#8243; _module_preset=&#8221;default&#8221; global_colors_info=&#8221;{}&#8221;][et_pb_column type=&#8221;4_4&#8243; _builder_version=&#8221;4.27.4&#8243; _module_preset=&#8221;default&#8221; global_colors_info=&#8221;{}&#8221;][et_pb_text _builder_version=&#8221;4.27.4&#8243; _module_preset=&#8221;default&#8221; global_colors_info=&#8221;{}&#8221;]<\/p>\n<p>You won\u2019t find sales pitches or marketing tricks here. If you&#8217;re looking for practical advice on WordPress, graphic design, media, or website optimization, great\u2014I have some experience to share.<\/p>\n<p>But life isn\u2019t all about code. When I step away from the computer, I dive into DIY home projects\u2014from small improvements to bigger things I build with my own hands. And whenever I get the chance, I grab my backpack and head for the mountains. I write about that too, because it\u2019s an important part of my life.<\/p>\n<p>[\/et_pb_text][\/et_pb_column][\/et_pb_row][et_pb_row column_structure=&#8221;1_2,1_2&#8243; use_custom_gutter=&#8221;on&#8221; gutter_width=&#8221;1&#8243; disabled_on=&#8221;off|off|off&#8221; _builder_version=&#8221;4.27.4&#8243; _module_preset=&#8221;default&#8221; width=&#8221;96%&#8221; max_width=&#8221;100vw&#8221; custom_margin=&#8221;10vh|auto|10vh|auto|true|false&#8221; locked=&#8221;off&#8221; global_colors_info=&#8221;{}&#8221;][et_pb_column type=&#8221;1_2&#8243; _builder_version=&#8221;4.27.4&#8243; _module_preset=&#8221;default&#8221; global_colors_info=&#8221;{}&#8221;][dsm_flipbox flipbox_type=&#8221;fade&#8221; flipbox_speed=&#8221;1s&#8221; flipbox_height=&#8221;450px&#8221; _builder_version=&#8221;4.27.4&#8243; _dynamic_attributes=&#8221;link_option_url&#8221; _module_preset=&#8221;default&#8221; header_level=&#8221;h2&#8243; header_text_align=&#8221;left&#8221; header_font_size=&#8221;2.8em&#8221; content_text_align=&#8221;left&#8221; subhead_text_align=&#8221;left&#8221; subhead_font_size=&#8221;1.2em&#8221; subhead_line_height=&#8221;1.4em&#8221; animation_style=&#8221;fade&#8221; link_option_url=&#8221;@ET-DC@eyJkeW5hbWljIjp0cnVlLCJjb250ZW50IjoicG9zdF9saW5rX3VybF9wYWdlIiwic2V0dGluZ3MiOnsicG9zdF9pZCI6IjEwMzMifX0=@&#8221; header_font_size_tablet=&#8221;2.8em&#8221; header_font_size_phone=&#8221;2em&#8221; header_font_size_last_edited=&#8221;on|phone&#8221; subhead_font_size_tablet=&#8221;1.2em&#8221; subhead_font_size_phone=&#8221;1em&#8221; subhead_font_size_last_edited=&#8221;on|phone&#8221; global_colors_info=&#8221;{}&#8221;][dsm_flipbox_child title=&#8221;Scafell Pike&#8221; alt=&#8221;Zej\u015bcie z Skafell Pike w Lake District &#8211; lato 2024&#8243; button_url_new_window=&#8221;1&#8243; _builder_version=&#8221;4.27.4&#8243; _module_preset=&#8221;default&#8221; header_level=&#8221;h2&#8243; header_text_color=&#8221;#44403D&#8221; use_background_color_gradient=&#8221;on&#8221; background_color_gradient_direction=&#8221;186deg&#8221; background_color_gradient_stops=&#8221;rgba(242,240,236,0) 65%|#f2f0ec 100%&#8221; background_color_gradient_overlays_image=&#8221;on&#8221; background_image=&#8221;https:\/\/pawelopitek.com\/wp-content\/uploads\/lake-district-podejscie-lato-2024.webp&#8221; background_enable_image=&#8221;on&#8221; custom_padding=&#8221;50px|50px|50px|50px|true|true&#8221; global_colors_info=&#8221;{}&#8221; parent_header_level=&#8221;h2&#8243;][\/dsm_flipbox_child][dsm_flipbox_child title=&#8221;Scafell Pike&#8221; subtitle=&#8221;In August 2024, I took on the challenge of climbing Scafell Pike \u2013 the highest peak in England, rising to 978 metres above sea level.&#8221; alt=&#8221;Zej\u015bcie z Skafell Pike w Lake District &#8211; lato 2024&#8243; button_url_new_window=&#8221;1&#8243; _builder_version=&#8221;4.27.4&#8243; _module_preset=&#8221;default&#8221; header_level=&#8221;h2&#8243; header_text_color=&#8221;#FFFFFF&#8221; subhead_text_color=&#8221;#CBD4C3&#8243; use_background_color_gradient=&#8221;on&#8221; background_color_gradient_stops=&#8221;rgba(91,102,92,0.9) 0%|rgba(91,102,92,0.95) 99%&#8221; background_color_gradient_overlays_image=&#8221;on&#8221; background_image=&#8221;https:\/\/pawelopitek.com\/wp-content\/uploads\/lake-district-podejscie-lato-2024.webp&#8221; background_enable_image=&#8221;on&#8221; custom_padding=&#8221;50px|50px|50px|50px|true|true&#8221; global_colors_info=&#8221;{}&#8221; parent_header_level=&#8221;h2&#8243;][\/dsm_flipbox_child][\/dsm_flipbox][\/et_pb_column][et_pb_column type=&#8221;1_2&#8243; _builder_version=&#8221;4.27.4&#8243; _module_preset=&#8221;default&#8221; global_colors_info=&#8221;{}&#8221;][dsm_flipbox flipbox_type=&#8221;fade&#8221; flipbox_speed=&#8221;1s&#8221; flipbox_height=&#8221;450px&#8221; _builder_version=&#8221;4.27.4&#8243; _dynamic_attributes=&#8221;link_option_url&#8221; _module_preset=&#8221;default&#8221; header_level=&#8221;h2&#8243; header_text_align=&#8221;left&#8221; header_font_size=&#8221;2.8em&#8221; content_text_align=&#8221;left&#8221; subhead_text_align=&#8221;left&#8221; subhead_font_size=&#8221;1.2em&#8221; subhead_line_height=&#8221;1.4em&#8221; animation_style=&#8221;fade&#8221; link_option_url=&#8221;@ET-DC@eyJkeW5hbWljIjp0cnVlLCJjb250ZW50IjoicG9zdF9saW5rX3VybF9wYWdlIiwic2V0dGluZ3MiOnsicG9zdF9pZCI6IjEyNTgifX0=@&#8221; header_font_size_tablet=&#8221;2.8em&#8221; header_font_size_phone=&#8221;2em&#8221; header_font_size_last_edited=&#8221;on|phone&#8221; subhead_font_size_tablet=&#8221;1.2em&#8221; subhead_font_size_phone=&#8221;1em&#8221; subhead_font_size_last_edited=&#8221;on|phone&#8221; locked=&#8221;off&#8221; global_colors_info=&#8221;{}&#8221;][dsm_flipbox_child title=&#8221;Sunrise Hike to Pen y Fan&#8221; alt=&#8221;Wsch\u00f3d s\u0142o\u0144ca widziany ze szczytu Pen y Fan w Walii, kwiecie\u0144 2025&#8243; button_url_new_window=&#8221;1&#8243; _builder_version=&#8221;4.27.4&#8243; _module_preset=&#8221;default&#8221; header_level=&#8221;h2&#8243; header_text_color=&#8221;#F2F0EC&#8221; background_image=&#8221;https:\/\/pawelopitek.com\/wp-content\/uploads\/slonce-w-pelni-pen-y-fan-wschod-slonca-pawel-opitek.webp&#8221; background_enable_image=&#8221;on&#8221; custom_padding=&#8221;50px|50px|50px|50px|true|true&#8221; global_colors_info=&#8221;{}&#8221; parent_header_level=&#8221;h2&#8243;][\/dsm_flipbox_child][dsm_flipbox_child title=&#8221;Sunrise Hike to Pen y Fan&#8221; subtitle=&#8221;A peaceful early morning journey to the summit of Pen y Fan, captured in light, shadow, and unforgettable moments at sunrise in April 2025.&#8221; alt=&#8221;Wsch\u00f3d s\u0142o\u0144ca widziany ze szczytu Pen y Fan w Walii, kwiecie\u0144 2025&#8243; button_url_new_window=&#8221;1&#8243; _builder_version=&#8221;4.27.4&#8243; _module_preset=&#8221;default&#8221; header_level=&#8221;h2&#8243; header_text_color=&#8221;#FFFFFF&#8221; subhead_text_color=&#8221;#CBD4C3&#8243; use_background_color_gradient=&#8221;on&#8221; background_color_gradient_stops=&#8221;rgba(91,102,92,0.9) 0%|rgba(91,102,92,0.95) 99%&#8221; background_color_gradient_overlays_image=&#8221;on&#8221; background_image=&#8221;https:\/\/pawelopitek.com\/wp-content\/uploads\/slonce-w-pelni-pen-y-fan-wschod-slonca-pawel-opitek.webp&#8221; background_enable_image=&#8221;on&#8221; custom_padding=&#8221;50px|50px|50px|50px|true|true&#8221; global_colors_info=&#8221;{}&#8221; parent_header_level=&#8221;h2&#8243;][\/dsm_flipbox_child][\/dsm_flipbox][\/et_pb_column][\/et_pb_row][et_pb_row _builder_version=&#8221;4.27.4&#8243; _module_preset=&#8221;default&#8221; global_colors_info=&#8221;{}&#8221;][et_pb_column type=&#8221;4_4&#8243; _builder_version=&#8221;4.27.4&#8243; _module_preset=&#8221;default&#8221; global_colors_info=&#8221;{}&#8221;][et_pb_text _builder_version=&#8221;4.27.4&#8243; _module_preset=&#8221;default&#8221; text_font_size=&#8221;26px&#8221; text_line_height=&#8221;1.5em&#8221; global_colors_info=&#8221;{}&#8221;]<\/p>\n<p>This is my space on the web, where you\u2019ll find a mix of technology, creativity, and a place to step away from the daily grind. If any of these topics interest you, feel free to look around\u2014I hope you\u2019ll find something useful here.<\/p>\n<p>[\/et_pb_text][\/et_pb_column][\/et_pb_row][\/et_pb_section]<\/p>\n","protected":false},"excerpt":{"rendered":"<p>I design websites with personality \u2013 modern, elegant, and tailored to your needs. For those who value quality and clarity.<\/p>\n","protected":false},"author":1,"featured_media":0,"parent":0,"menu_order":0,"comment_status":"closed","ping_status":"closed","template":"","meta":{"_et_pb_use_builder":"on","_et_pb_old_content":"","_et_gb_content_width":"","footnotes":""},"class_list":["post-316","page","type-page","status-publish","hentry"],"_links":{"self":[{"href":"https:\/\/pawelopitek.com\/en\/wp-json\/wp\/v2\/pages\/316","targetHints":{"allow":["GET"]}}],"collection":[{"href":"https:\/\/pawelopitek.com\/en\/wp-json\/wp\/v2\/pages"}],"about":[{"href":"https:\/\/pawelopitek.com\/en\/wp-json\/wp\/v2\/types\/page"}],"author":[{"embeddable":true,"href":"https:\/\/pawelopitek.com\/en\/wp-json\/wp\/v2\/users\/1"}],"replies":[{"embeddable":true,"href":"https:\/\/pawelopitek.com\/en\/wp-json\/wp\/v2\/comments?post=316"}],"version-history":[{"count":1,"href":"https:\/\/pawelopitek.com\/en\/wp-json\/wp\/v2\/pages\/316\/revisions"}],"predecessor-version":[{"id":1644,"href":"https:\/\/pawelopitek.com\/en\/wp-json\/wp\/v2\/pages\/316\/revisions\/1644"}],"wp:attachment":[{"href":"https:\/\/pawelopitek.com\/en\/wp-json\/wp\/v2\/media?parent=316"}],"curies":[{"name":"wp","href":"https:\/\/api.w.org\/{rel}","templated":true}]}}