{"id":321,"date":"2024-12-02T21:29:58","date_gmt":"2024-12-02T21:29:58","guid":{"rendered":"https:\/\/pawelopitek.com\/?page_id=321"},"modified":"2025-04-26T08:28:29","modified_gmt":"2025-04-26T08:28:29","slug":"galleries","status":"publish","type":"page","link":"https:\/\/pawelopitek.com\/en\/galleries\/","title":{"rendered":"Galleries"},"content":{"rendered":"<p>[et_pb_section fb_built=&#8221;1&#8243; _builder_version=&#8221;4.27.4&#8243; _module_preset=&#8221;default&#8221; locked=&#8221;off&#8221; global_colors_info=&#8221;{}&#8221;][et_pb_row make_equal=&#8221;on&#8221; _builder_version=&#8221;4.27.4&#8243; _module_preset=&#8221;default&#8221; custom_padding=&#8221;0px||0px||false|false&#8221; global_colors_info=&#8221;{}&#8221;][et_pb_column type=&#8221;4_4&#8243; _builder_version=&#8221;4.27.4&#8243; _module_preset=&#8221;default&#8221; global_colors_info=&#8221;{}&#8221;][et_pb_post_title _builder_version=&#8221;4.27.4&#8243; _module_preset=&#8221;default&#8221; global_colors_info=&#8221;{}&#8221;][\/et_pb_post_title][\/et_pb_column][\/et_pb_row][et_pb_row column_structure=&#8221;1_2,1_2&#8243; use_custom_gutter=&#8221;on&#8221; gutter_width=&#8221;1&#8243; disabled_on=&#8221;off|off|off&#8221; _builder_version=&#8221;4.27.4&#8243; _module_preset=&#8221;default&#8221; width=&#8221;96%&#8221; max_width=&#8221;100vw&#8221; custom_margin=&#8221;5vh|auto|0vh|auto|false|false&#8221; locked=&#8221;off&#8221; global_colors_info=&#8221;{}&#8221;][et_pb_column type=&#8221;1_2&#8243; _builder_version=&#8221;4.27.4&#8243; _module_preset=&#8221;default&#8221; global_colors_info=&#8221;{}&#8221;][dsm_flipbox flipbox_type=&#8221;fade&#8221; flipbox_speed=&#8221;1s&#8221; flipbox_height=&#8221;450px&#8221; _builder_version=&#8221;4.27.4&#8243; _dynamic_attributes=&#8221;link_option_url&#8221; _module_preset=&#8221;default&#8221; header_level=&#8221;h2&#8243; header_text_align=&#8221;left&#8221; header_font_size=&#8221;2.8em&#8221; content_text_align=&#8221;left&#8221; subhead_text_align=&#8221;left&#8221; subhead_font_size=&#8221;1.2em&#8221; subhead_line_height=&#8221;1.4em&#8221; animation_style=&#8221;fade&#8221; link_option_url=&#8221;@ET-DC@eyJkeW5hbWljIjp0cnVlLCJjb250ZW50IjoicG9zdF9saW5rX3VybF9wYWdlIiwic2V0dGluZ3MiOnsicG9zdF9pZCI6IjEwMzMifX0=@&#8221; header_font_size_tablet=&#8221;2.8em&#8221; header_font_size_phone=&#8221;2em&#8221; header_font_size_last_edited=&#8221;on|phone&#8221; subhead_font_size_tablet=&#8221;1.2em&#8221; subhead_font_size_phone=&#8221;1em&#8221; subhead_font_size_last_edited=&#8221;on|phone&#8221; locked=&#8221;off&#8221; global_colors_info=&#8221;{}&#8221;][dsm_flipbox_child title=&#8221;Scafell Pike&#8221; alt=&#8221;Zej\u015bcie z Skafell Pike w Lake District &#8211; lato 2024&#8243; button_url_new_window=&#8221;1&#8243; _builder_version=&#8221;4.27.4&#8243; _module_preset=&#8221;default&#8221; header_level=&#8221;h2&#8243; header_text_color=&#8221;#44403D&#8221; use_background_color_gradient=&#8221;on&#8221; background_color_gradient_direction=&#8221;186deg&#8221; background_color_gradient_stops=&#8221;rgba(242,240,236,0) 65%|#f2f0ec 100%&#8221; background_color_gradient_overlays_image=&#8221;on&#8221; background_image=&#8221;https:\/\/pawelopitek.com\/wp-content\/uploads\/lake-district-podejscie-lato-2024.webp&#8221; background_enable_image=&#8221;on&#8221; custom_padding=&#8221;50px|50px|50px|50px|true|true&#8221; global_colors_info=&#8221;{}&#8221; parent_header_level=&#8221;h2&#8243;][\/dsm_flipbox_child][dsm_flipbox_child title=&#8221;Scafell Pike&#8221; subtitle=&#8221;In August 2024, I took on the challenge of climbing Scafell Pike \u2013 the highest peak in England, rising to 978 metres above sea level.&#8221; alt=&#8221;Zej\u015bcie z Skafell Pike w Lake District &#8211; lato 2024&#8243; button_url_new_window=&#8221;1&#8243; _builder_version=&#8221;4.27.4&#8243; _module_preset=&#8221;default&#8221; header_level=&#8221;h2&#8243; header_text_color=&#8221;#FFFFFF&#8221; subhead_text_color=&#8221;#CBD4C3&#8243; use_background_color_gradient=&#8221;on&#8221; background_color_gradient_stops=&#8221;rgba(91,102,92,0.9) 0%|rgba(91,102,92,0.95) 99%&#8221; background_color_gradient_overlays_image=&#8221;on&#8221; background_image=&#8221;https:\/\/pawelopitek.com\/wp-content\/uploads\/lake-district-podejscie-lato-2024.webp&#8221; background_enable_image=&#8221;on&#8221; custom_padding=&#8221;50px|50px|50px|50px|true|true&#8221; global_colors_info=&#8221;{}&#8221; parent_header_level=&#8221;h2&#8243;][\/dsm_flipbox_child][\/dsm_flipbox][\/et_pb_column][et_pb_column type=&#8221;1_2&#8243; _builder_version=&#8221;4.27.4&#8243; _module_preset=&#8221;default&#8221; global_colors_info=&#8221;{}&#8221;][dsm_flipbox flipbox_type=&#8221;fade&#8221; flipbox_speed=&#8221;1s&#8221; flipbox_height=&#8221;450px&#8221; _builder_version=&#8221;4.27.4&#8243; _dynamic_attributes=&#8221;link_option_url&#8221; _module_preset=&#8221;default&#8221; header_level=&#8221;h2&#8243; header_text_align=&#8221;left&#8221; header_font_size=&#8221;2.8em&#8221; content_text_align=&#8221;left&#8221; subhead_text_align=&#8221;left&#8221; subhead_font_size=&#8221;1.2em&#8221; subhead_line_height=&#8221;1.4em&#8221; animation_style=&#8221;fade&#8221; link_option_url=&#8221;@ET-DC@eyJkeW5hbWljIjp0cnVlLCJjb250ZW50IjoicG9zdF9saW5rX3VybF9wYWdlIiwic2V0dGluZ3MiOnsicG9zdF9pZCI6IjEyNTgifX0=@&#8221; hover_enabled=&#8221;0&#8243; header_font_size_tablet=&#8221;2.8em&#8221; header_font_size_phone=&#8221;2em&#8221; header_font_size_last_edited=&#8221;on|phone&#8221; subhead_font_size_tablet=&#8221;1.2em&#8221; subhead_font_size_phone=&#8221;1em&#8221; subhead_font_size_last_edited=&#8221;on|phone&#8221; locked=&#8221;off&#8221; global_colors_info=&#8221;{}&#8221; sticky_enabled=&#8221;0&#8243;][dsm_flipbox_child title=&#8221;Sunrise Hike to Pen y Fan&#8221; alt=&#8221;Wsch\u00f3d s\u0142o\u0144ca widziany ze szczytu Pen y Fan w Walii, kwiecie\u0144 2025&#8243; button_url_new_window=&#8221;1&#8243; _builder_version=&#8221;4.27.4&#8243; _module_preset=&#8221;default&#8221; header_level=&#8221;h2&#8243; header_text_color=&#8221;#F2F0EC&#8221; background_image=&#8221;https:\/\/pawelopitek.com\/wp-content\/uploads\/slonce-w-pelni-pen-y-fan-wschod-slonca-pawel-opitek.webp&#8221; background_enable_image=&#8221;on&#8221; custom_padding=&#8221;50px|50px|50px|50px|true|true&#8221; global_colors_info=&#8221;{}&#8221; parent_header_level=&#8221;h2&#8243;][\/dsm_flipbox_child][dsm_flipbox_child title=&#8221;Sunrise Hike to Pen y Fan&#8221; subtitle=&#8221;A peaceful early morning journey to the summit of Pen y Fan, captured in light, shadow, and unforgettable moments at sunrise in April 2025.&#8221; alt=&#8221;Wsch\u00f3d s\u0142o\u0144ca widziany ze szczytu Pen y Fan w Walii, kwiecie\u0144 2025&#8243; button_url_new_window=&#8221;1&#8243; _builder_version=&#8221;4.27.4&#8243; _module_preset=&#8221;default&#8221; header_level=&#8221;h2&#8243; header_text_color=&#8221;#FFFFFF&#8221; subhead_text_color=&#8221;#CBD4C3&#8243; use_background_color_gradient=&#8221;on&#8221; background_color_gradient_stops=&#8221;rgba(91,102,92,0.9) 0%|rgba(91,102,92,0.95) 99%&#8221; background_color_gradient_overlays_image=&#8221;on&#8221; background_image=&#8221;https:\/\/pawelopitek.com\/wp-content\/uploads\/slonce-w-pelni-pen-y-fan-wschod-slonca-pawel-opitek.webp&#8221; background_enable_image=&#8221;on&#8221; custom_padding=&#8221;50px|50px|50px|50px|true|true&#8221; global_colors_info=&#8221;{}&#8221; parent_header_level=&#8221;h2&#8243;][\/dsm_flipbox_child][\/dsm_flipbox][\/et_pb_column][\/et_pb_row][\/et_pb_section]<\/p>\n","protected":false},"excerpt":{"rendered":"<p>This gallery captures real moments from my everyday life \u2013 media projects, DIY challenges, and mountain hikes across the UK. Made by hand, lived on foot.<\/p>\n","protected":false},"author":1,"featured_media":0,"parent":0,"menu_order":0,"comment_status":"closed","ping_status":"closed","template":"","meta":{"_et_pb_use_builder":"on","_et_pb_old_content":"","_et_gb_content_width":"","footnotes":""},"class_list":["post-321","page","type-page","status-publish","hentry"],"_links":{"self":[{"href":"https:\/\/pawelopitek.com\/en\/wp-json\/wp\/v2\/pages\/321","targetHints":{"allow":["GET"]}}],"collection":[{"href":"https:\/\/pawelopitek.com\/en\/wp-json\/wp\/v2\/pages"}],"about":[{"href":"https:\/\/pawelopitek.com\/en\/wp-json\/wp\/v2\/types\/page"}],"author":[{"embeddable":true,"href":"https:\/\/pawelopitek.com\/en\/wp-json\/wp\/v2\/users\/1"}],"replies":[{"embeddable":true,"href":"https:\/\/pawelopitek.com\/en\/wp-json\/wp\/v2\/comments?post=321"}],"version-history":[{"count":0,"href":"https:\/\/pawelopitek.com\/en\/wp-json\/wp\/v2\/pages\/321\/revisions"}],"wp:attachment":[{"href":"https:\/\/pawelopitek.com\/en\/wp-json\/wp\/v2\/media?parent=321"}],"curies":[{"name":"wp","href":"https:\/\/api.w.org\/{rel}","templated":true}]}}